{"id":11419,"date":"2016-12-05T16:29:56","date_gmt":"2016-12-05T16:29:56","guid":{"rendered":"https:\/\/alis.vamtam.com\/?page_id=11419"},"modified":"2024-09-01T11:42:40","modified_gmt":"2024-09-01T11:42:40","slug":"home-2","status":"publish","type":"page","link":"https:\/\/invites.armone.events\/mario-lupita2\/","title":{"rendered":"Home"},"content":{"rendered":"<div class=\"vgblk-rw-wrapper limit-wrapper\"><img decoding=\"async\" src=\"https:\/\/alis.vamtam.com\/wp-content\/uploads\/2017\/11\/Rose-logo.svg\" alt=\"Rose-logo\" itemprop=\"image\" title=\"Rose-logo\" onerror=\"this.style.display='none'\" \/>\t\t\t\t\t\t\t\n<h3>\n\tEl gran d\u00eda\n\t<\/h3>\n<h2>\n\t27 de Diciembre de 2024\n\t<\/h2>\n\t<p>Parroquia Concepci\u00f3n Ataco &#8211; Misa<\/p>\n<p>El Jard\u00edn de Celeste &#8211; Recepci\u00f3n<\/p>\n\n\t<iframe src=\"https:\/\/open.spotify.com\/embed\/track\/5tBRoF69SRRodIGv8N9zfj?utm_source=generator\" width=\"100%\" height=\"100\" frameBorder=\"0\" allowfullscreen=\"\" allow=\"autoplay; clipboard-write; encrypted-media; fullscreen; picture-in-picture\" loading=\"lazy\"><\/iframe>\n\t<p>\u00a1Escucha nuestra canci\u00f3n!<\/p>\n\t\t\t\t\t\t\t<img decoding=\"async\" src=\"https:\/\/alis.vamtam.com\/wp-content\/uploads\/2017\/11\/combined-shape-1.svg\" alt=\"combined-shape-1\" itemprop=\"image\" title=\"combined-shape-1\" onerror=\"this.style.display='none'\" \/>\t\t\t\t\t\t\t\n<h5>\n\tFaltan&#8230;\n\t<\/h5>\n\t\t\t\t\tDay\n\t\t\t\t\tHour\n\t\t\t\t\tMinute\n\t\t\t\t\tSecond\n<h5>\n\tpara el d\u00eda de nuestra boda!\n\t<\/h5>\n\t\t\t\t\t\t\t<img decoding=\"async\" src=\"https:\/\/alis.vamtam.com\/wp-content\/uploads\/2017\/11\/combined-shape-1-bottom.svg\" alt=\"combined-shape-1-bottom\" itemprop=\"image\" title=\"combined-shape-1-bottom\" onerror=\"this.style.display='none'\" \/>\t\t\t\t\t\t\t\n\t\t\t<a href=\"https:\/\/calendar.google.com\/calendar\/event?action=TEMPLATE&#038;tmeid=MzQ0ZmNtdGhoZmIyaDk3aGIzYWMydXJuNTggaGRtNmMyNHRjaGs3c3BobzBrN29ka3JrcnNAZw&#038;tmsrc=hdm6c24tchk7spho0k7odkrkrs%40group.calendar.google.com\" target=\"_self\" rel=\"noopener\">\n\t\t\t\t\t\t\tA\u00f1ade el evento a tu calendario\n\t\t\t<\/a>\n\t\t\t\t\t\t\t<img loading=\"lazy\" decoding=\"async\" src=\"https:\/\/invites.armone.events\/mario-lupita2\/wp-content\/uploads\/2024\/09\/4.jpeg\" alt=\"4\" itemprop=\"image\" height=\"1280\" width=\"720\" title=\"4\" onerror=\"this.style.display='none'\"  sizes=\"auto, (max-width: 768px) 100vw, 100vw\" srcset=\"https:\/\/invites.armone.events\/mario-lupita2\/wp-content\/uploads\/2024\/09\/4.jpeg 720w, https:\/\/invites.armone.events\/mario-lupita2\/wp-content\/uploads\/2024\/09\/4-169x300.jpeg 169w, https:\/\/invites.armone.events\/mario-lupita2\/wp-content\/uploads\/2024\/09\/4-576x1024.jpeg 576w, https:\/\/invites.armone.events\/mario-lupita2\/wp-content\/uploads\/2024\/09\/4-630x1120.jpeg 630w, https:\/\/invites.armone.events\/mario-lupita2\/wp-content\/uploads\/2024\/09\/4-420x747.jpeg 420w, https:\/\/invites.armone.events\/mario-lupita2\/wp-content\/uploads\/2024\/09\/4-315x560.jpeg 315w\" \/>\t\t\t\t\t\t\t\n<h4>\n\tNovia\n\t<\/h4>\n<h2>\n\tGuadalupe Garc\u00eda\n\t<\/h2>\n\t<p>Lupita es de Sonsonate, le gusta cocinar y comer postres, ir a la Iglesia y pasar tiempo con su familia.<\/p>\n\t\t\t\t\t\t\t<img decoding=\"async\" src=\"https:\/\/alis.vamtam.com\/wp-content\/uploads\/2017\/11\/combined-shape-white-top-01.svg\" alt=\"combined-shape-white-top-01\" itemprop=\"image\" title=\"combined-shape-white-top-01\" onerror=\"this.style.display='none'\" \/>\t\t\t\t\t\t\t\n<h2>\n\tMomentos\n\t<\/h2>\n\t\t\t\t\t\t\t<img decoding=\"async\" src=\"https:\/\/alis.vamtam.com\/wp-content\/uploads\/2017\/11\/vertical-separator.svg\" alt=\"vertical-separator\" itemprop=\"image\" title=\"vertical-separator\" onerror=\"this.style.display='none'\" \/>\t\t\t\t\t\t\t\n<h2>\n\tAmor a primera vista\n\t<\/h2>\n\t<p>Nos conocimos en septiembre de 2019 en una White Expo Boda, sin saber que en ese evento justamenet encontrar\u00edamos el amor de nuestras vidas<\/p>\n\t\t\t\t\t\t\t<img decoding=\"async\" src=\"https:\/\/alis.vamtam.com\/wp-content\/uploads\/2017\/11\/vertical-separator.svg\" alt=\"vertical-separator\" itemprop=\"image\" title=\"vertical-separator\" onerror=\"this.style.display='none'\" \/>\t\t\t\t\t\t\t\n<h2>\n\tUna bonita relaci\u00f3n\n\t<\/h2>\n\t<p>Hemos sido novios por 5 a\u00f1os y decidimos dar el salto de amor definitivo<\/p>\n\t\t\t\t\t\t\t<img decoding=\"async\" src=\"https:\/\/alis.vamtam.com\/wp-content\/uploads\/2017\/11\/vertical-separator.svg\" alt=\"vertical-separator\" itemprop=\"image\" title=\"vertical-separator\" onerror=\"this.style.display='none'\" \/>\t\t\t\t\t\t\t\n<h2>\n\tProposal\n\t<\/h2>\n\t<p>El 25 de diciembre de 2023, Guadalupe respondi\u00f3 &#8220;S\u00ed quiero&#8221; a la pregunta m\u00e1s importante&#8230; y este camino apenas empieza.<\/p>\n\t\t\t\t\t\t\t<img decoding=\"async\" src=\"https:\/\/alis.vamtam.com\/wp-content\/uploads\/2017\/11\/rings.svg\" alt=\"rings\" itemprop=\"image\" title=\"rings\" onerror=\"this.style.display='none'\" \/>\t\t\t\t\t\t\t\n\t\t\t\t\t\t\t<img decoding=\"async\" src=\"https:\/\/alis.vamtam.com\/wp-content\/uploads\/2017\/11\/combined-shape-white-bottom-01.svg\" alt=\"combined-shape-white-bottom-01\" itemprop=\"image\" title=\"combined-shape-white-bottom-01\" onerror=\"this.style.display='none'\" \/>\t\t\t\t\t\t\t\n\t\t\t\t\t\t\t<img loading=\"lazy\" decoding=\"async\" src=\"https:\/\/invites.armone.events\/mario-lupita2\/wp-content\/uploads\/2024\/09\/3.jpeg\" alt=\"3\" itemprop=\"image\" height=\"720\" width=\"1280\" title=\"3\" onerror=\"this.style.display='none'\"  sizes=\"auto, (max-width: 768px) 100vw, 100vw\" srcset=\"https:\/\/invites.armone.events\/mario-lupita2\/wp-content\/uploads\/2024\/09\/3.jpeg 1280w, https:\/\/invites.armone.events\/mario-lupita2\/wp-content\/uploads\/2024\/09\/3-300x169.jpeg 300w, https:\/\/invites.armone.events\/mario-lupita2\/wp-content\/uploads\/2024\/09\/3-1024x576.jpeg 1024w, https:\/\/invites.armone.events\/mario-lupita2\/wp-content\/uploads\/2024\/09\/3-768x432.jpeg 768w, https:\/\/invites.armone.events\/mario-lupita2\/wp-content\/uploads\/2024\/09\/3-1260x709.jpeg 1260w, https:\/\/invites.armone.events\/mario-lupita2\/wp-content\/uploads\/2024\/09\/3-630x354.jpeg 630w, https:\/\/invites.armone.events\/mario-lupita2\/wp-content\/uploads\/2024\/09\/3-420x236.jpeg 420w, https:\/\/invites.armone.events\/mario-lupita2\/wp-content\/uploads\/2024\/09\/3-840x473.jpeg 840w, https:\/\/invites.armone.events\/mario-lupita2\/wp-content\/uploads\/2024\/09\/3-315x177.jpeg 315w\" \/>\t\t\t\t\t\t\t\n<h4>\n\tNovio\n\t<\/h4>\n<h2>\n\tMario L\u00f3pez\n\t<\/h2>\n\t<p>Marito es de San Salvador, le encanta pasar tiempo con Lupita, ver series y aprender cosas nuevas<\/p>\n\t\t\t\t\t\t\t<img decoding=\"async\" src=\"https:\/\/alis.vamtam.com\/wp-content\/uploads\/2017\/11\/flower-4.svg\" alt=\"flower-4\" itemprop=\"image\" title=\"flower-4\" onerror=\"this.style.display='none'\" \/>\t\t\t\t\t\t\t\n<h2>\n\tEl camino hasta el Altar\n\t<\/h2>\n<h5>\n\tQueremos compartir contigo algunos bellos recuerdos de nuestro noviazgo y Proposal\n\t<\/h5>\n\t<div id='gallery-1' class='gallery galleryid-11419 gallery-columns-4 gallery-size-thumbnail'><figure class='gallery-item'>\n\t\t\t<div class='gallery-icon portrait'>\n\t\t\t\t<img loading=\"lazy\" decoding=\"async\" width=\"150\" height=\"150\" src=\"https:\/\/invites.armone.events\/mario-lupita2\/wp-content\/uploads\/2024\/09\/2-150x150.jpeg\" class=\"attachment-thumbnail size-thumbnail\" alt=\"\" srcset=\"https:\/\/invites.armone.events\/mario-lupita2\/wp-content\/uploads\/2024\/09\/2-150x150.jpeg 150w, https:\/\/invites.armone.events\/mario-lupita2\/wp-content\/uploads\/2024\/09\/2-315x315.jpeg 315w, https:\/\/invites.armone.events\/mario-lupita2\/wp-content\/uploads\/2024\/09\/2-100x100.jpeg 100w\" sizes=\"auto, (max-width: 150px) 100vw, 150px\" \/>\n\t\t\t<\/div><\/figure><figure class='gallery-item'>\n\t\t\t<div class='gallery-icon landscape'>\n\t\t\t\t<img loading=\"lazy\" decoding=\"async\" width=\"150\" height=\"150\" src=\"https:\/\/invites.armone.events\/mario-lupita2\/wp-content\/uploads\/2024\/09\/1-150x150.jpeg\" class=\"attachment-thumbnail size-thumbnail\" alt=\"\" srcset=\"https:\/\/invites.armone.events\/mario-lupita2\/wp-content\/uploads\/2024\/09\/1-150x150.jpeg 150w, https:\/\/invites.armone.events\/mario-lupita2\/wp-content\/uploads\/2024\/09\/1-315x315.jpeg 315w, https:\/\/invites.armone.events\/mario-lupita2\/wp-content\/uploads\/2024\/09\/1-100x100.jpeg 100w\" sizes=\"auto, (max-width: 150px) 100vw, 150px\" \/>\n\t\t\t<\/div><\/figure><figure class='gallery-item'>\n\t\t\t<div class='gallery-icon landscape'>\n\t\t\t\t<img loading=\"lazy\" decoding=\"async\" width=\"150\" height=\"150\" src=\"https:\/\/invites.armone.events\/mario-lupita2\/wp-content\/uploads\/2024\/08\/cropped-Imagen-de-WhatsApp-2024-08-14-a-las-13.59.23_1cefdb28-150x150.jpg\" class=\"attachment-thumbnail size-thumbnail\" alt=\"\" srcset=\"https:\/\/invites.armone.events\/mario-lupita2\/wp-content\/uploads\/2024\/08\/cropped-Imagen-de-WhatsApp-2024-08-14-a-las-13.59.23_1cefdb28-150x150.jpg 150w, https:\/\/invites.armone.events\/mario-lupita2\/wp-content\/uploads\/2024\/08\/cropped-Imagen-de-WhatsApp-2024-08-14-a-las-13.59.23_1cefdb28-300x300.jpg 300w, https:\/\/invites.armone.events\/mario-lupita2\/wp-content\/uploads\/2024\/08\/cropped-Imagen-de-WhatsApp-2024-08-14-a-las-13.59.23_1cefdb28-420x420.jpg 420w, https:\/\/invites.armone.events\/mario-lupita2\/wp-content\/uploads\/2024\/08\/cropped-Imagen-de-WhatsApp-2024-08-14-a-las-13.59.23_1cefdb28-315x315.jpg 315w, https:\/\/invites.armone.events\/mario-lupita2\/wp-content\/uploads\/2024\/08\/cropped-Imagen-de-WhatsApp-2024-08-14-a-las-13.59.23_1cefdb28-100x100.jpg 100w, https:\/\/invites.armone.events\/mario-lupita2\/wp-content\/uploads\/2024\/08\/cropped-Imagen-de-WhatsApp-2024-08-14-a-las-13.59.23_1cefdb28-270x270.jpg 270w, https:\/\/invites.armone.events\/mario-lupita2\/wp-content\/uploads\/2024\/08\/cropped-Imagen-de-WhatsApp-2024-08-14-a-las-13.59.23_1cefdb28-192x192.jpg 192w, https:\/\/invites.armone.events\/mario-lupita2\/wp-content\/uploads\/2024\/08\/cropped-Imagen-de-WhatsApp-2024-08-14-a-las-13.59.23_1cefdb28-180x180.jpg 180w, https:\/\/invites.armone.events\/mario-lupita2\/wp-content\/uploads\/2024\/08\/cropped-Imagen-de-WhatsApp-2024-08-14-a-las-13.59.23_1cefdb28-32x32.jpg 32w, https:\/\/invites.armone.events\/mario-lupita2\/wp-content\/uploads\/2024\/08\/cropped-Imagen-de-WhatsApp-2024-08-14-a-las-13.59.23_1cefdb28.jpg 512w\" sizes=\"auto, (max-width: 150px) 100vw, 150px\" \/>\n\t\t\t<\/div><\/figure><figure class='gallery-item'>\n\t\t\t<div class='gallery-icon landscape'>\n\t\t\t\t<img loading=\"lazy\" decoding=\"async\" width=\"150\" height=\"150\" src=\"https:\/\/invites.armone.events\/mario-lupita2\/wp-content\/uploads\/2024\/09\/5-150x150.jpeg\" class=\"attachment-thumbnail size-thumbnail\" alt=\"\" srcset=\"https:\/\/invites.armone.events\/mario-lupita2\/wp-content\/uploads\/2024\/09\/5-150x150.jpeg 150w, https:\/\/invites.armone.events\/mario-lupita2\/wp-content\/uploads\/2024\/09\/5-315x315.jpeg 315w, https:\/\/invites.armone.events\/mario-lupita2\/wp-content\/uploads\/2024\/09\/5-100x100.jpeg 100w\" sizes=\"auto, (max-width: 150px) 100vw, 150px\" \/>\n\t\t\t<\/div><\/figure>\n\t\t<\/div>\n\n\t\t\t\t\t\t\t<img decoding=\"async\" src=\"https:\/\/alis.vamtam.com\/wp-content\/uploads\/2017\/11\/combined-shape-white-top-01.svg\" alt=\"combined-shape-white-top-01\" itemprop=\"image\" title=\"combined-shape-white-top-01\" onerror=\"this.style.display='none'\" \/>\t\t\t\t\t\t\t\n\t\t\t\t\t\t\t<img decoding=\"async\" src=\"https:\/\/alis.vamtam.com\/wp-content\/uploads\/2017\/11\/Rose-logo-2.svg\" alt=\"Rose-logo-2\" itemprop=\"image\" title=\"Rose-logo-2\" onerror=\"this.style.display='none'\" \/>\t\t\t\t\t\t\t\n<h2>\n\tConfirmar asistencia\n\t<\/h2>\n\t<p>Agradecemos tu amanble confirmaci\u00f3n a m\u00e1s tardar hasta el 30\/11\/2024<\/p>\n<h4>\n\tR.S.V.P.\n\t<\/h4>\n\tAviso: Se requiere JavaScript para este contenido.\n        <!-- That data is being printed as a workaround to page builders reordering the order of the scripts loaded-->\n\t\t\t\t\t\t\t<img decoding=\"async\" src=\"https:\/\/alis.vamtam.com\/wp-content\/uploads\/2017\/11\/combined-shape-white-bottom-01.svg\" alt=\"combined-shape-white-bottom-01\" itemprop=\"image\" title=\"combined-shape-white-bottom-01\" onerror=\"this.style.display='none'\" \/>\t\t\t\t\t\t\t\n\t\t\t\t\t\t\t<img decoding=\"async\" src=\"https:\/\/alis.vamtam.com\/wp-content\/uploads\/2017\/11\/flower.svg\" alt=\"flower\" itemprop=\"image\" title=\"flower\" onerror=\"this.style.display='none'\" \/>\t\t\t\t\t\t\t\n<h2>\n\tProtocolo\n\t<\/h2>\n\t<p>Te contamos el plan para el gran d\u00eda<\/p>\n\t\t\t\t\t\t\t<img loading=\"lazy\" decoding=\"async\" src=\"https:\/\/invites.armone.events\/mario-lupita2\/wp-content\/uploads\/2017\/11\/pin-1-1.jpg\" alt=\"pin-1\" itemprop=\"image\" height=\"501\" width=\"355\" title=\"pin-1\" onerror=\"this.style.display='none'\"  sizes=\"auto, (max-width: 768px) 100vw, 100vw\" srcset=\"https:\/\/invites.armone.events\/mario-lupita2\/wp-content\/uploads\/2017\/11\/pin-1-1.jpg 355w, https:\/\/invites.armone.events\/mario-lupita2\/wp-content\/uploads\/2017\/11\/pin-1-1-213x300.jpg 213w, https:\/\/invites.armone.events\/mario-lupita2\/wp-content\/uploads\/2017\/11\/pin-1-1-315x445.jpg 315w\" \/>\t\t\t\t\t\t\t\n<h2>\n\t3:30 P.M\n\t<\/h2>\n<h3>\n\tMisa\n\t<\/h3>\n\t<p>Parroquita de Ataco<\/p>\n<h2>\n\t5:00\n\t<\/h2>\n<h3>\n\tPrecoctel\n\t<\/h3>\n\t<p>Te esperamos en el Jard\u00edn de Celeste para un momento de compartir con amigos y familia mientras llegan los novios<\/p>\n\t\t\t\t\t\t\t<img loading=\"lazy\" decoding=\"async\" src=\"https:\/\/invites.armone.events\/mario-lupita2\/wp-content\/uploads\/2017\/11\/pin-2-1.jpg\" alt=\"pin-2\" itemprop=\"image\" height=\"501\" width=\"355\" title=\"pin-2\" onerror=\"this.style.display='none'\"  sizes=\"auto, (max-width: 768px) 100vw, 100vw\" srcset=\"https:\/\/invites.armone.events\/mario-lupita2\/wp-content\/uploads\/2017\/11\/pin-2-1.jpg 355w, https:\/\/invites.armone.events\/mario-lupita2\/wp-content\/uploads\/2017\/11\/pin-2-1-213x300.jpg 213w, https:\/\/invites.armone.events\/mario-lupita2\/wp-content\/uploads\/2017\/11\/pin-2-1-315x445.jpg 315w\" \/>\t\t\t\t\t\t\t\n\t\t\t\t\t\t\t<img loading=\"lazy\" decoding=\"async\" src=\"https:\/\/invites.armone.events\/mario-lupita2\/wp-content\/uploads\/2017\/11\/pin-3-1.jpg\" alt=\"pin-3\" itemprop=\"image\" height=\"501\" width=\"355\" title=\"pin-3\" onerror=\"this.style.display='none'\"  sizes=\"auto, (max-width: 768px) 100vw, 100vw\" srcset=\"https:\/\/invites.armone.events\/mario-lupita2\/wp-content\/uploads\/2017\/11\/pin-3-1.jpg 355w, https:\/\/invites.armone.events\/mario-lupita2\/wp-content\/uploads\/2017\/11\/pin-3-1-213x300.jpg 213w, https:\/\/invites.armone.events\/mario-lupita2\/wp-content\/uploads\/2017\/11\/pin-3-1-315x445.jpg 315w\" \/>\t\t\t\t\t\t\t\n<h2>\n\t7:00\n\t<\/h2>\n<h3>\n\tRecepci\u00f3n\n\t<\/h3>\n\t<p>We&#8217;re using Music Connection as our DJ. We had originally been thinking about hiring musicians to do the ceremony, but all of the prices I found were a lot more than we were wanting to pay.<\/p>\n\t\t<iframe src=\"https:\/\/maps.google.com\/maps?q=+Jard%C3%ADn+de+Celeste%2C+Ataco%2C+El+Salvador&#038;iwloc=near&#038;output=embed\" height=\"465\" frameborder=\"0\" loading=\"lazy\"><\/iframe>\n\t\t\t\t\t\t\t<img decoding=\"async\" src=\"https:\/\/alis.vamtam.com\/wp-content\/uploads\/2017\/11\/combined-shape-white-top-01.svg\" alt=\"combined-shape-white-top-01\" itemprop=\"image\" title=\"combined-shape-white-top-01\" onerror=\"this.style.display='none'\" \/>\t\t\t\t\t\t\t\n<h2>\n\tCeremonia Religiosa\n\t<\/h2>\n<h4>\n\tParroquia de Concepci\u00f3n de Ataco\n\t<\/h4>\n<h2>\n\tRecepci\u00f3n\n\t<\/h2>\n<h4>\n\tEl Jard\u00edn de Celeste, Sal\u00f3n de Eventos exterior\n\t<\/h4>\n<h5>\n\tAhuachap\u00e1n, El Salvador\n\t<\/h5>\n\t\t\t\t\t\t\t<img decoding=\"async\" src=\"https:\/\/alis.vamtam.com\/wp-content\/uploads\/2017\/11\/combined-shape-white-bottom-01.svg\" alt=\"combined-shape-white-bottom-01\" itemprop=\"image\" title=\"combined-shape-white-bottom-01\" onerror=\"this.style.display='none'\" \/>\t\t\t\t\t\t\t\n\t\t\t\t\t\t\t<img decoding=\"async\" src=\"https:\/\/alis.vamtam.com\/wp-content\/uploads\/2017\/11\/gift.svg\" alt=\"gift\" itemprop=\"image\" title=\"gift\" onerror=\"this.style.display='none'\" \/>\t\t\t\t\t\t\t\n<h2>\n\tRegalos\n\t<\/h2>\n\t<p>Agradecemos tus muestras de cari\u00f1o en regalo de sobre<\/p>\n<h5>\n\t\u00a1Muchas gracias!\n\t<\/h5>\n\t\t<h3>\n\t\t\t\t\t\t\tDress Code\t\t\t\t\t<\/h3>\n\t\t\t\t<ul><li>Caballeros: de gala<\/li><li>Damas: de gala, sugerimos colores dorados, plateados o negros<\/li><\/ul>\t\t\t\n\t\t<h3>\n\t\t\t\t\t\t\tConsideraciones\t\t\t\t\t<\/h3>\n\t\t\t\t<ul><li>Los ni\u00f1os son bienvenidos<\/li><li>Las mascotas esta vez se quedan en casa<\/li><\/ul><\/div><!-- .vgblk-rw-wrapper -->","protected":false},"excerpt":{"rendered":"<p>El gran d\u00eda 27 de Diciembre de 2024 Parroquia Concepci\u00f3n Ataco &#8211; Misa El Jard\u00edn de Celeste &#8211; Recepci\u00f3n \u00a1Escucha nuestra canci\u00f3n! Faltan&#8230; Day Hour Minute Second para el d\u00eda de nuestra boda! A\u00f1ade el evento a tu calendario Novia Guadalupe Garc\u00eda Lupita es de Sonsonate, le gusta cocinar y comer postres, ir a la&#8230;<\/p>\n","protected":false},"author":1,"featured_media":0,"parent":0,"menu_order":0,"comment_status":"closed","ping_status":"closed","template":"","meta":{"footnotes":""},"class_list":["post-11419","page","type-page","status-publish","hentry"],"_links":{"self":[{"href":"https:\/\/invites.armone.events\/mario-lupita2\/wp-json\/wp\/v2\/pages\/11419","targetHints":{"allow":["GET"]}}],"collection":[{"href":"https:\/\/invites.armone.events\/mario-lupita2\/wp-json\/wp\/v2\/pages"}],"about":[{"href":"https:\/\/invites.armone.events\/mario-lupita2\/wp-json\/wp\/v2\/types\/page"}],"author":[{"embeddable":true,"href":"https:\/\/invites.armone.events\/mario-lupita2\/wp-json\/wp\/v2\/users\/1"}],"replies":[{"embeddable":true,"href":"https:\/\/invites.armone.events\/mario-lupita2\/wp-json\/wp\/v2\/comments?post=11419"}],"version-history":[{"count":10,"href":"https:\/\/invites.armone.events\/mario-lupita2\/wp-json\/wp\/v2\/pages\/11419\/revisions"}],"predecessor-version":[{"id":987689,"href":"https:\/\/invites.armone.events\/mario-lupita2\/wp-json\/wp\/v2\/pages\/11419\/revisions\/987689"}],"wp:attachment":[{"href":"https:\/\/invites.armone.events\/mario-lupita2\/wp-json\/wp\/v2\/media?parent=11419"}],"curies":[{"name":"wp","href":"https:\/\/api.w.org\/{rel}","templated":true}]}}