{"id":5932,"date":"2019-09-25T08:50:20","date_gmt":"2019-09-25T08:50:20","guid":{"rendered":"https:\/\/pratty.themegeniuslab.com\/?page_id=7"},"modified":"2025-10-21T11:10:04","modified_gmt":"2025-10-21T11:10:04","slug":"home","status":"publish","type":"page","link":"https:\/\/invites.armone.events\/briones-avila\/","title":{"rendered":"Home"},"content":{"rendered":"\t\t<div data-elementor-type=\"wp-page\" data-elementor-id=\"5932\" class=\"elementor elementor-5932\" data-elementor-post-type=\"page\">\n\t\t\t\t\t\t<section class=\"elementor-section elementor-top-section elementor-element elementor-element-fb0804a elementor-section-boxed elementor-section-height-default elementor-section-height-default\" data-id=\"fb0804a\" data-element_type=\"section\">\n\t\t\t\t\t\t<div class=\"elementor-container elementor-column-gap-default\">\n\t\t\t\t\t<div class=\"elementor-column elementor-col-100 elementor-top-column elementor-element elementor-element-9fdc9d9\" data-id=\"9fdc9d9\" data-element_type=\"column\">\n\t\t\t<div class=\"elementor-widget-wrap elementor-element-populated\">\n\t\t\t\t\t\t<div class=\"elementor-element elementor-element-394a14b elementor-widget elementor-widget-tmx-pratty_counter\" data-id=\"394a14b\" data-element_type=\"widget\" data-settings=\"{&quot;title_shape&quot;:{&quot;url&quot;:&quot;&quot;,&quot;id&quot;:&quot;&quot;,&quot;size&quot;:&quot;&quot;,&quot;alt&quot;:&quot;&quot;,&quot;source&quot;:&quot;library&quot;},&quot;clock_image&quot;:{&quot;url&quot;:&quot;&quot;,&quot;id&quot;:&quot;&quot;,&quot;size&quot;:&quot;&quot;,&quot;alt&quot;:&quot;&quot;,&quot;source&quot;:&quot;library&quot;}}\" data-widget_type=\"tmx-pratty_counter.default\">\n\t\t\t\t<div class=\"elementor-widget-container\">\n\t\t\t\t\t\t\t<section class=\"wedding-date wedding-date-69ddbccd052ed \">\n\t\t\t<div class=\"row\">\n\t\t\t\t<div class=\"col col-xs-12\">\n\t\t\t\t\t<div class=\"section-title\">\n\t\t\t\t\t\t<h2>Save The Date<\/h2>\t\t\t\t\t<\/div>\n\t\t\t\t<\/div>\n\t\t\t<\/div>\n\t\t\t<div class=\"row\">\n\t\t\t\t<div class=\"col col-xs-12\">\n\t\t\t\t\t<h3>S\u00e1bado 13 de diciembre de 2025<\/h3>\t\t\t\t\t<div class=\"clock-grids\">\n\t\t\t\t\t\t<div id=\"clock\" data-date=\"2025\/12\/13 \"><\/div>\n\t\t\t\t\t<\/div>\n\t\t\t\t<\/div>\n\t\t\t<\/div>\n\t\t<\/section>\n\t\t\t\t<\/div>\n\t\t\t\t<\/div>\n\t\t\t\t\t<\/div>\n\t\t<\/div>\n\t\t\t\t\t<\/div>\n\t\t<\/section>\n\t\t\t\t<section class=\"elementor-section elementor-top-section elementor-element elementor-element-bac6ba4 elementor-section-boxed elementor-section-height-default elementor-section-height-default\" data-id=\"bac6ba4\" data-element_type=\"section\" data-settings=\"{&quot;background_background&quot;:&quot;classic&quot;}\">\n\t\t\t\t\t\t<div class=\"elementor-container elementor-column-gap-default\">\n\t\t\t\t\t<div class=\"elementor-column elementor-col-100 elementor-top-column elementor-element elementor-element-6eff4a3\" data-id=\"6eff4a3\" data-element_type=\"column\">\n\t\t\t<div class=\"elementor-widget-wrap elementor-element-populated\">\n\t\t\t\t\t\t<div class=\"elementor-element elementor-element-e164f59 elementor-widget elementor-widget-tmx-pratty_story\" data-id=\"e164f59\" data-element_type=\"widget\" id=\"story\" data-settings=\"{&quot;story_image&quot;:{&quot;url&quot;:&quot;https:\\\/\\\/pratty.themegeniuslab.com\\\/wp-content\\\/uploads\\\/2019\\\/09\\\/ring-1.png&quot;,&quot;id&quot;:41,&quot;size&quot;:&quot;&quot;},&quot;right_shape&quot;:{&quot;url&quot;:&quot;&quot;,&quot;id&quot;:&quot;&quot;,&quot;size&quot;:&quot;&quot;},&quot;left_shape&quot;:{&quot;url&quot;:&quot;https:\\\/\\\/invites.armone.events\\\/briones-avila\\\/wp-content\\\/plugins\\\/elementor\\\/assets\\\/images\\\/placeholder.png&quot;,&quot;id&quot;:&quot;&quot;,&quot;size&quot;:&quot;&quot;}}\" data-widget_type=\"tmx-pratty_story.default\">\n\t\t\t\t<div class=\"elementor-widget-container\">\n\t\t\t\t\t\t\t<section class=\"love-sotry-section love-sotry-section-69ddbccd064c7 \">\n\t\t\t<div class=\"row\">\n\t\t\t\t<div class=\"col col-xs-12\">\n\t\t\t\t\t<div class=\"section-title\">\n\t\t\t\t\t\t<h2>Nuestra historia de amor<\/h2>\t\t\t\t\t<\/div>\n\t\t\t\t<\/div>\n\t\t\t<\/div>\n\t\t\t<div class=\"row\">\n\t\t\t\t<div class=\"col col-xs-12\">\n\t\t\t\t\t<div class=\"story-grids\">\n\t\t\t\t\t\t\t\t\t\t\t\t\t\t<div class=\"grid\">\n\t\t\t\t\t\t\t\t\t<h3>Primer encuentro<\/h3><p>Nos conocimos hace cuatro a\u00f1os, en abril de 2021. Gracias a amigos en com\u00fan, ped\u00ed que me presentaran a M\u00f3nica para invitarla a un caf\u00e9. No fue f\u00e1cil, sus horarios de universidad complicaba todo, pero al final acept\u00f3. Nos vimos en un CoffeeCup y desde ese primer encuentro hubo un click instant\u00e1neo que me hizo querer conocerla m\u00e1s.\n\n\n<\/p>\t\t\t\t\t\t\t\t<\/div>\n\t\t\t\t\t\t\t\t\t\t\t\t\t\t<div class=\"grid\">\n\t\t\t\t\t\t\t\t\t<h3>El click<\/h3><p>El click que sent\u00ed con Melvin fue inmediato. Desde entonces, los mensajes fueron diarios y nunca dejamos de hablarnos. Eso nos permiti\u00f3 conocernos mejor y construir una relaci\u00f3n que, con el tiempo, se llen\u00f3 de momentos inolvidables: graduaciones, mudanzas, viajes, la llegada de nuestras mascotas y tantas experiencias que nos han unido cada vez m\u00e1s.\n<\/p>\t\t\t\t\t\t\t\t<\/div>\n\t\t\t\t\t\t\t\t\t\t\t\t\t\t<div class=\"grid\">\n\t\t\t\t\t\t\t\t\t<h3>El amor crece<\/h3><p>Los que me conocen saben que me gusta comer mucho, pero tambi\u00e9n me encanta cocinar, siento que es una forma de expresar mi cari\u00f1o. Es por eso que el d\u00eda que ped\u00ed a M\u00f3nica que fuera mi novia, prefer\u00ed probarme a mi mismo y hacer algo m\u00e1s personal, as\u00ed que cocin\u00e9 su comida favorita (pasta italiana jajaja) en un picnic en el parque, algo bastante privado pero especial. Y como ella dice, a partir de ese momento, las experiencias han sido tantas que no terminar\u00edamos nunca.\n\n\n\n<\/p>\t\t\t\t\t\t\t\t<\/div>\n\t\t\t\t\t\t\t\t\t\t\t\t\t\t<div class=\"grid\">\n\t\t\t\t\t\t\t\t\t<h3>Proposal<\/h3><p>Nos comprometimos el s\u00e1bado 12 de julio de 2025, en Las Tres Piedras, un restaurante con vista al lago de llopango. \u00a1No me lo esperaba! \n\n\n\nYo no entend\u00eda c\u00f3mo hab\u00edamos terminado en un restaurante cuando el plan era ir al teatro. Revisaba el men\u00fa cuando, de repente, apareci\u00f3 Melvin con un ramo precioso de flores y un anillo. Ambos est\u00e1bamos nerviosos pero felices, y ese instante marc\u00f3 el inicio de esta gran aventura de planear nuestra boda \u00a1Hoy queremos compartir esa felicidad contigo!\n\n\n\n<\/p>\t\t\t\t\t\t\t\t<\/div>\n\t\t\t\t\t\t\t\t\t\t\t\t<img decoding=\"async\" src=\"https:\/\/invites.armone.events\/briones-avila\/wp-content\/uploads\/2019\/09\/ring-1-1.png\" alt=\"\">\t\t\t\t\t<\/div>\n\t\t\t\t<\/div>\n\t\t\t<\/div>\n\t\t<\/section>\n\t\t\t\t<\/div>\n\t\t\t\t<\/div>\n\t\t\t\t\t<\/div>\n\t\t<\/div>\n\t\t\t\t\t<\/div>\n\t\t<\/section>\n\t\t\t\t<section class=\"elementor-section elementor-top-section elementor-element elementor-element-ba233bf elementor-section-boxed elementor-section-height-default elementor-section-height-default\" data-id=\"ba233bf\" data-element_type=\"section\">\n\t\t\t\t\t\t<div class=\"elementor-container elementor-column-gap-default\">\n\t\t\t\t\t<div class=\"elementor-column elementor-col-100 elementor-top-column elementor-element elementor-element-531d944\" data-id=\"531d944\" data-element_type=\"column\" id=\"events\">\n\t\t\t<div class=\"elementor-widget-wrap elementor-element-populated\">\n\t\t\t\t\t\t<div class=\"elementor-element elementor-element-51c8b37 elementor-widget elementor-widget-tmx-pratty_title\" data-id=\"51c8b37\" data-element_type=\"widget\" data-widget_type=\"tmx-pratty_title.default\">\n\t\t\t\t<div class=\"elementor-widget-container\">\n\t\t\t\t\t\n\t\t<div class=\"section-title-area\">\n\t\t\t<div class=\"section-title\">\n\t\t\t\t<h2>Programa de la boda<\/h2>\t\t\t<\/div>\n\t\t<\/div>\n\n\t\t\t\t<\/div>\n\t\t\t\t<\/div>\n\t\t\t\t<div class=\"elementor-element elementor-element-af4afc5 elementor-widget elementor-widget-tmx-pratty_event\" data-id=\"af4afc5\" data-element_type=\"widget\" data-widget_type=\"tmx-pratty_event.default\">\n\t\t\t\t<div class=\"elementor-widget-container\">\n\t\t\t\t\t\t\t<section class=\"wedding-location-section\">\n\t\t\t<div class=\"row\">\n\t\t\t\t<div class=\"col col-xs-12\">\n\t\t\t\t\t<div class=\"location-grids clearfix\">\n\t\t\t\t\t\t\t\t\t\t\t\t\t\t<div class=\"grid\">\n\t\t\t\t\t\t\t\t\t<div class=\"img-holder\">\n\t\t\t\t\t\t\t\t\t\t<img decoding=\"async\" src=\"https:\/\/invites.armone.events\/briones-avila\/wp-content\/uploads\/2025\/10\/1.jpeg\" alt=\"\">\t\t\t\t\t\t\t\t\t<\/div>\n\t\t\t\t\t\t\t\t\t<h3>Ceremonia civil<\/h3>\t\t\t\t\t\t\t\t\t<ul>\n\t\t\t\t\t\t\t\t\t\t<li><i class=\"ti-location-pin\"><\/i>Rancho Kasasol, Amatecampo<\/li><li><i class=\"ti-time\"><\/i>2025-12-13 15:30<\/li>\t\t\t\t\t\t\t\t\t<\/ul>\n\t\t\t\t\t\t\t\t\t<p>Ceremonia civil: de 3:30 pm - 4:30 p.m\n\n<\/p> <a class=\"see-location-btn popup-gmaps\" href=\"https:\/\/www.google.com\/maps\/embed?pb=!1m17!1m12!1m3!1d3881.0526174759116!2d-89.13627300000002!3d13.409068999999999!2m3!1f0!2f0!3f0!3m2!1i1024!2i768!4f13.1!3m2!1m1!2zMTPCsDI0JzMyLjciTiA4OcKwMDgnMTAuNiJX!5e0!3m2!1ses!2ssv!4v1760795526871!5m2!1ses!2ssv\" width=\"400\" height=\"300\" style=\"border:0;\" allowfullscreen=\"\" loading=\"lazy\" referrerpolicy=\"no-referrer-when-downgrade\"><i class=\"fa fa-angle-right\"><\/i>Ver ubicaci\u00f3n<\/a>\t\t\t\t\t\t\t\t<\/div>\n\t\t\t\t\t\t\t\t\t\t\t\t\t\t<div class=\"grid\">\n\t\t\t\t\t\t\t\t\t<div class=\"img-holder\">\n\t\t\t\t\t\t\t\t\t\t<img decoding=\"async\" src=\"https:\/\/invites.armone.events\/briones-avila\/wp-content\/uploads\/2025\/10\/2.jpeg\" alt=\"\">\t\t\t\t\t\t\t\t\t<\/div>\n\t\t\t\t\t\t\t\t\t<h3>Recepci\u00f3n<\/h3>\t\t\t\t\t\t\t\t\t<ul>\n\t\t\t\t\t\t\t\t\t\t<li><i class=\"ti-location-pin\"><\/i>Rancho Kasasol, Amatecampo<\/li><li><i class=\"ti-time\"><\/i>2025-12-13 17:00<\/li>\t\t\t\t\t\t\t\t\t<\/ul>\n\t\t\t\t\t\t\t\t\t<p>Recepci\u00f3n: de 5:00 p.m a 12:00 a.m\n\n<\/p> <a class=\"see-location-btn popup-gmaps\" href=\"https:\/\/www.google.com\/maps\/embed?pb=!1m17!1m12!1m3!1d3881.0526174759116!2d-89.13627300000002!3d13.409068999999999!2m3!1f0!2f0!3f0!3m2!1i1024!2i768!4f13.1!3m2!1m1!2zMTPCsDI0JzMyLjciTiA4OcKwMDgnMTAuNiJX!5e0!3m2!1ses!2ssv!4v1760795526871!5m2!1ses!2ssv\" width=\"400\" height=\"300\" style=\"border:0;\" allowfullscreen=\"\" loading=\"lazy\" referrerpolicy=\"no-referrer-when-downgrade\"><i class=\"fa fa-angle-right\"><\/i>Ver ubicaci\u00f3n<\/a>\t\t\t\t\t\t\t\t<\/div>\n\t\t\t\t\t\t\t\t\t\t\t<\/div>\n\t\t\t\t<\/div>\n\t\t\t<\/div>\n\t\t<\/section>\n\t\t\t\t<\/div>\n\t\t\t\t<\/div>\n\t\t\t\t\t<\/div>\n\t\t<\/div>\n\t\t\t\t\t<\/div>\n\t\t<\/section>\n\t\t\t\t<section class=\"elementor-section elementor-top-section elementor-element elementor-element-78bc59f elementor-section-full_width elementor-section-height-default elementor-section-height-default\" data-id=\"78bc59f\" data-element_type=\"section\">\n\t\t\t\t\t\t<div class=\"elementor-container elementor-column-gap-no\">\n\t\t\t\t\t<div class=\"elementor-column elementor-col-100 elementor-top-column elementor-element elementor-element-618c831\" data-id=\"618c831\" data-element_type=\"column\">\n\t\t\t<div class=\"elementor-widget-wrap elementor-element-populated\">\n\t\t\t\t\t\t<div class=\"elementor-element elementor-element-dbc1838 elementor-widget elementor-widget-tmx-pratty_cta\" data-id=\"dbc1838\" data-element_type=\"widget\" data-settings=\"{&quot;bg_image&quot;:{&quot;url&quot;:&quot;https:\\\/\\\/invites.armone.events\\\/briones-avila\\\/wp-content\\\/uploads\\\/2025\\\/10\\\/3.jpeg&quot;,&quot;id&quot;:6148,&quot;size&quot;:&quot;&quot;,&quot;alt&quot;:&quot;&quot;,&quot;source&quot;:&quot;library&quot;}}\" data-widget_type=\"tmx-pratty_cta.default\">\n\t\t\t\t<div class=\"elementor-widget-container\">\n\t\t\t\t\t\n\t\t<section class=\"wishes-section\"  style=\"background-image: url( https:\/\/invites.armone.events\/briones-avila\/wp-content\/uploads\/2025\/10\/3.jpeg );\">\n\t\t\t<div class=\"container\">\n\t\t\t\t<div class=\"row\">\n\t\t\t\t\t<div class=\"col col-lg-8 col-lg-offset-2\">\n\t\t\t\t\t\t<div class=\"text\">\n\t\t\t\t\t\t\t<p>\u00a1Gracias por acompa\u00f1arnos, por la diversi\u00f3n, por los abrazos, risas, bromas, sonrisas, consejos, amor, apoyo y por hacer de hoy un d\u00eda inolvidable!\n<\/p>\t\t\t\t\t\t<\/div>\n\t\t\t\t\t<\/div>\n\t\t\t\t<\/div>\n\t\t\t<\/div>\n\t\t<\/section>\n\n\t\t\t\t<\/div>\n\t\t\t\t<\/div>\n\t\t\t\t\t<\/div>\n\t\t<\/div>\n\t\t\t\t\t<\/div>\n\t\t<\/section>\n\t\t\t\t<section class=\"elementor-section elementor-top-section elementor-element elementor-element-ffd066d elementor-section-boxed elementor-section-height-default elementor-section-height-default\" data-id=\"ffd066d\" data-element_type=\"section\" id=\"gallery\">\n\t\t\t\t\t\t<div class=\"elementor-container elementor-column-gap-default\">\n\t\t\t\t\t<div class=\"elementor-column elementor-col-100 elementor-top-column elementor-element elementor-element-56833a1\" data-id=\"56833a1\" data-element_type=\"column\">\n\t\t\t<div class=\"elementor-widget-wrap elementor-element-populated\">\n\t\t\t\t\t\t<div class=\"elementor-element elementor-element-cca98ec elementor-widget elementor-widget-tmx-pratty_title\" data-id=\"cca98ec\" data-element_type=\"widget\" data-widget_type=\"tmx-pratty_title.default\">\n\t\t\t\t<div class=\"elementor-widget-container\">\n\t\t\t\t\t\n\t\t<div class=\"section-title-area\">\n\t\t\t<div class=\"section-title\">\n\t\t\t\t<h2>Nuestros momentos<\/h2>\t\t\t<\/div>\n\t\t<\/div>\n\n\t\t\t\t<\/div>\n\t\t\t\t<\/div>\n\t\t\t\t<div class=\"elementor-element elementor-element-7899769 elementor-widget elementor-widget-tmx-pratty_gallery\" data-id=\"7899769\" data-element_type=\"widget\" data-widget_type=\"tmx-pratty_gallery.default\">\n\t\t\t\t<div class=\"elementor-widget-container\">\n\t\t\t\t\t\t\t<section class=\"gallery-section\">\n\t\t\t<div class=\"row\">\n\t\t\t\t<div class=\"col col-xs-12\">\n\t\t\t\t\t<div class=\"gallery-grids\">\n\t\t\t\t\t\t\t\t\t\t\t\t\t\t<div class=\"grid\">\n\t\t\t\t\t\t\t\t\t<a href=\"https:\/\/invites.armone.events\/briones-avila\/wp-content\/uploads\/2025\/10\/DSC_2943-scaled.jpg\" class=\"fancybox\" data-fancybox-group=\"gall-1\">\n\t\t                        <img decoding=\"async\" src=\"https:\/\/invites.armone.events\/briones-avila\/wp-content\/uploads\/2025\/10\/DSC_2943-scaled.jpg\" alt=\"\">\n\t\t                    <\/a>\t\t\t\t\t\t\t\t<\/div>\n\t\t\t\t\t\t\t\t\t\t\t\t\t\t<div class=\"grid\">\n\t\t\t\t\t\t\t\t\t<a href=\"https:\/\/invites.armone.events\/briones-avila\/wp-content\/uploads\/2025\/10\/DSC_2887-scaled.jpg\" class=\"fancybox\" data-fancybox-group=\"gall-1\">\n\t\t                        <img decoding=\"async\" src=\"https:\/\/invites.armone.events\/briones-avila\/wp-content\/uploads\/2025\/10\/DSC_2887-scaled.jpg\" alt=\"\">\n\t\t                    <\/a>\t\t\t\t\t\t\t\t<\/div>\n\t\t\t\t\t\t\t\t\t\t\t\t\t\t<div class=\"grid\">\n\t\t\t\t\t\t\t\t\t<a href=\"https:\/\/invites.armone.events\/briones-avila\/wp-content\/uploads\/2025\/10\/DSC_2804-scaled.jpg\" class=\"fancybox\" data-fancybox-group=\"gall-1\">\n\t\t                        <img decoding=\"async\" src=\"https:\/\/invites.armone.events\/briones-avila\/wp-content\/uploads\/2025\/10\/DSC_2804-scaled.jpg\" alt=\"\">\n\t\t                    <\/a>\t\t\t\t\t\t\t\t<\/div>\n\t\t\t\t\t\t\t\t\t\t\t\t\t\t<div class=\"grid\">\n\t\t\t\t\t\t\t\t\t<a href=\"https:\/\/invites.armone.events\/briones-avila\/wp-content\/uploads\/2025\/10\/DSC_2701-scaled.jpg\" class=\"fancybox\" data-fancybox-group=\"gall-1\">\n\t\t                        <img decoding=\"async\" src=\"https:\/\/invites.armone.events\/briones-avila\/wp-content\/uploads\/2025\/10\/DSC_2701-scaled.jpg\" alt=\"\">\n\t\t                    <\/a>\t\t\t\t\t\t\t\t<\/div>\n\t\t\t\t\t\t\t\t\t\t\t\t\t\t<div class=\"grid\">\n\t\t\t\t\t\t\t\t\t<a href=\"https:\/\/invites.armone.events\/briones-avila\/wp-content\/uploads\/2025\/10\/DSC_2649-scaled.jpg\" class=\"fancybox\" data-fancybox-group=\"gall-1\">\n\t\t                        <img decoding=\"async\" src=\"https:\/\/invites.armone.events\/briones-avila\/wp-content\/uploads\/2025\/10\/DSC_2649-scaled.jpg\" alt=\"\">\n\t\t                    <\/a>\t\t\t\t\t\t\t\t<\/div>\n\t\t\t\t\t\t\t\t\t\t\t\t\t\t<div class=\"grid\">\n\t\t\t\t\t\t\t\t\t<a href=\"https:\/\/invites.armone.events\/briones-avila\/wp-content\/uploads\/2025\/10\/DSC_2579-scaled.jpg\" class=\"fancybox\" data-fancybox-group=\"gall-1\">\n\t\t                        <img decoding=\"async\" src=\"https:\/\/invites.armone.events\/briones-avila\/wp-content\/uploads\/2025\/10\/DSC_2579-scaled.jpg\" alt=\"\">\n\t\t                    <\/a>\t\t\t\t\t\t\t\t<\/div>\n\t\t\t\t\t\t\t\t\t\t\t\t\t\t<div class=\"grid\">\n\t\t\t\t\t\t\t\t\t<a href=\"https:\/\/invites.armone.events\/briones-avila\/wp-content\/uploads\/2025\/10\/DSC_2549-scaled.jpg\" class=\"fancybox\" data-fancybox-group=\"gall-1\">\n\t\t                        <img decoding=\"async\" src=\"https:\/\/invites.armone.events\/briones-avila\/wp-content\/uploads\/2025\/10\/DSC_2549-scaled.jpg\" alt=\"\">\n\t\t                    <\/a>\t\t\t\t\t\t\t\t<\/div>\n\t\t\t\t\t\t\t\t\t\t\t\t\t\t<div class=\"grid\">\n\t\t\t\t\t\t\t\t\t<a href=\"https:\/\/invites.armone.events\/briones-avila\/wp-content\/uploads\/2025\/10\/DSC_2486-scaled.jpg\" class=\"fancybox\" data-fancybox-group=\"gall-1\">\n\t\t                        <img decoding=\"async\" src=\"https:\/\/invites.armone.events\/briones-avila\/wp-content\/uploads\/2025\/10\/DSC_2486-scaled.jpg\" alt=\"\">\n\t\t                    <\/a>\t\t\t\t\t\t\t\t<\/div>\n\t\t\t\t\t\t\t\t\t\t\t<\/div>\n\t\t\t\t<\/div>\n\t\t\t<\/div>\n\t\t<\/section>\n\t\t\t\t<\/div>\n\t\t\t\t<\/div>\n\t\t\t\t\t<\/div>\n\t\t<\/div>\n\t\t\t\t\t<\/div>\n\t\t<\/section>\n\t\t\t\t<section class=\"elementor-section elementor-top-section elementor-element elementor-element-1e404ac elementor-section-boxed elementor-section-height-default elementor-section-height-default\" data-id=\"1e404ac\" data-element_type=\"section\">\n\t\t\t\t\t\t<div class=\"elementor-container elementor-column-gap-default\">\n\t\t\t\t\t<div class=\"elementor-column elementor-col-100 elementor-top-column elementor-element elementor-element-cd6d0fb\" data-id=\"cd6d0fb\" data-element_type=\"column\">\n\t\t\t<div class=\"elementor-widget-wrap elementor-element-populated\">\n\t\t\t\t\t\t<div class=\"elementor-element elementor-element-8dfb2c3 elementor-widget elementor-widget-heading\" data-id=\"8dfb2c3\" data-element_type=\"widget\" data-widget_type=\"heading.default\">\n\t\t\t\t<div class=\"elementor-widget-container\">\n\t\t\t\t\t<h4 class=\"elementor-heading-title elementor-size-default\">Nuestra canci\u00f3n<\/h4>\t\t\t\t<\/div>\n\t\t\t\t<\/div>\n\t\t\t\t<div class=\"elementor-element elementor-element-595a28c elementor-widget elementor-widget-html\" data-id=\"595a28c\" data-element_type=\"widget\" data-widget_type=\"html.default\">\n\t\t\t\t<div class=\"elementor-widget-container\">\n\t\t\t\t\t<iframe data-testid=\"embed-iframe\" style=\"border-radius:12px\" src=\"https:\/\/open.spotify.com\/embed\/track\/5EYBryPOgIEPB7r5QIy6eG?utm_source=generator&theme=0\" width=\"100%\" height=\"152\" frameBorder=\"0\" allowfullscreen=\"\" allow=\"autoplay; clipboard-write; encrypted-media; fullscreen; picture-in-picture\" loading=\"lazy\"><\/iframe>\t\t\t\t<\/div>\n\t\t\t\t<\/div>\n\t\t\t\t<div class=\"elementor-element elementor-element-ae818a3 elementor-widget elementor-widget-heading\" data-id=\"ae818a3\" data-element_type=\"widget\" data-widget_type=\"heading.default\">\n\t\t\t\t<div class=\"elementor-widget-container\">\n\t\t\t\t\t<h4 class=\"elementor-heading-title elementor-size-default\">RSVP<\/h4>\t\t\t\t<\/div>\n\t\t\t\t<\/div>\n\t\t\t\t\t<\/div>\n\t\t<\/div>\n\t\t\t\t\t<\/div>\n\t\t<\/section>\n\t\t\t\t<section class=\"elementor-section elementor-top-section elementor-element elementor-element-b21632e elementor-section-boxed elementor-section-height-default elementor-section-height-default\" data-id=\"b21632e\" data-element_type=\"section\" id=\"rsvp\">\n\t\t\t\t\t\t\t<div class=\"elementor-background-overlay\"><\/div>\n\t\t\t\t\t\t\t<div class=\"elementor-container elementor-column-gap-default\">\n\t\t\t\t\t<div class=\"elementor-column elementor-col-100 elementor-top-column elementor-element elementor-element-fdf5031\" data-id=\"fdf5031\" data-element_type=\"column\">\n\t\t\t<div class=\"elementor-widget-wrap elementor-element-populated\">\n\t\t\t\t\t\t<div class=\"elementor-element elementor-element-3ca016f elementor-widget elementor-widget-shortcode\" data-id=\"3ca016f\" data-element_type=\"widget\" data-widget_type=\"shortcode.default\">\n\t\t\t\t<div class=\"elementor-widget-container\">\n\t\t\t\t\t\t\t<div class=\"elementor-shortcode\"><a name=\"rsvpArea\" id=\"rsvpArea\"><\/a><p class=\"rsvpParagraph\">The deadline to RSVP for this event has passed.<\/p>\r\n <\/div>\n\t\t\t\t\t\t<\/div>\n\t\t\t\t<\/div>\n\t\t\t\t\t<\/div>\n\t\t<\/div>\n\t\t\t\t\t<\/div>\n\t\t<\/section>\n\t\t\t\t<section class=\"elementor-section elementor-top-section elementor-element elementor-element-b567d46 elementor-section-boxed elementor-section-height-default elementor-section-height-default\" data-id=\"b567d46\" data-element_type=\"section\">\n\t\t\t\t\t\t<div class=\"elementor-container elementor-column-gap-default\">\n\t\t\t\t\t<div class=\"elementor-column elementor-col-50 elementor-top-column elementor-element elementor-element-e628c56\" data-id=\"e628c56\" data-element_type=\"column\">\n\t\t\t<div class=\"elementor-widget-wrap elementor-element-populated\">\n\t\t\t\t\t\t<div class=\"elementor-element elementor-element-e576e6f elementor-widget elementor-widget-tmx-pratty_title\" data-id=\"e576e6f\" data-element_type=\"widget\" data-widget_type=\"tmx-pratty_title.default\">\n\t\t\t\t<div class=\"elementor-widget-container\">\n\t\t\t\t\t\n\t\t<div class=\"section-title-area\">\n\t\t\t<div class=\"section-title\">\n\t\t\t\t<h2>Muestras de cari\u00f1o<\/h2><p>Ya contamos con lo esencial en casa. Tu cari\u00f1o en sobre ser\u00e1 el mejor detalle.\n<\/p>\t\t\t<\/div>\n\t\t<\/div>\n\n\t\t\t\t<\/div>\n\t\t\t\t<\/div>\n\t\t\t\t<div class=\"elementor-element elementor-element-7bb6a4e elementor-widget elementor-widget-tmx-pratty_title\" data-id=\"7bb6a4e\" data-element_type=\"widget\" data-widget_type=\"tmx-pratty_title.default\">\n\t\t\t\t<div class=\"elementor-widget-container\">\n\t\t\t\t\t\n\t\t<div class=\"section-title-area\">\n\t\t\t<div class=\"section-title\">\n\t\t\t\t<h2>Dress Code<\/h2><p>Para mantener la magia, el blanco ser\u00e1 solo para la novia; no te recomendamos ir de beige claro, ni rosa pastel, ni blanco y tonos similares o claros.\n<\/p>\t\t\t<\/div>\n\t\t<\/div>\n\n\t\t\t\t<\/div>\n\t\t\t\t<\/div>\n\t\t\t\t\t<\/div>\n\t\t<\/div>\n\t\t\t\t<div class=\"elementor-column elementor-col-50 elementor-top-column elementor-element elementor-element-b4d72bc\" data-id=\"b4d72bc\" data-element_type=\"column\">\n\t\t\t<div class=\"elementor-widget-wrap elementor-element-populated\">\n\t\t\t\t\t\t<div class=\"elementor-element elementor-element-07afd5d elementor-widget elementor-widget-heading\" data-id=\"07afd5d\" data-element_type=\"widget\" data-widget_type=\"heading.default\">\n\t\t\t\t<div class=\"elementor-widget-container\">\n\t\t\t\t\t<p class=\"elementor-heading-title elementor-size-default\"><a href=\"https:\/\/pin.it\/1USm6TR2r%20\" target=\"_blank\">El estilo es de playa elegante , pero c\u00f3modo. \nLink de Sugerencias de Vestimenta: https:\/\/pin.it\/1USm6TR2r <\/a><\/p>\t\t\t\t<\/div>\n\t\t\t\t<\/div>\n\t\t\t\t<div class=\"elementor-element elementor-element-63167d4 elementor-widget elementor-widget-tmx-pratty_title\" data-id=\"63167d4\" data-element_type=\"widget\" data-widget_type=\"tmx-pratty_title.default\">\n\t\t\t\t<div class=\"elementor-widget-container\">\n\t\t\t\t\t\n\t\t<div class=\"section-title-area\">\n\t\t\t<div class=\"section-title\">\n\t\t\t\t<h2>Recomendaciones<\/h2><p>Queremos que pases una incre\u00edble noche \u00a1Deja a los ni\u00f1os en casa!<\/p>\t\t\t<\/div>\n\t\t<\/div>\n\n\t\t\t\t<\/div>\n\t\t\t\t<\/div>\n\t\t\t\t<div class=\"elementor-element elementor-element-f864b65 elementor-widget elementor-widget-tmx-pratty_thanks\" data-id=\"f864b65\" data-element_type=\"widget\" data-settings=\"{&quot;bg_image&quot;:{&quot;url&quot;:&quot;https:\\\/\\\/invites.armone.events\\\/briones-avila\\\/wp-content\\\/uploads\\\/2025\\\/10\\\/Logo-Boda-Briones-Avila-Photoroom.png&quot;,&quot;id&quot;:6083,&quot;size&quot;:&quot;&quot;,&quot;alt&quot;:&quot;&quot;,&quot;source&quot;:&quot;library&quot;}}\" data-widget_type=\"tmx-pratty_thanks.default\">\n\t\t\t\t<div class=\"elementor-widget-container\">\n\t\t\t\t\t\t\t<div class=\"footer-section footer-thanks\">\n\t\t\t<div class=\"row\">\n\t\t\t\t<div class=\"col col-xs-12\">\n\t\t\t\t\t<div class=\"footer-area\">\n\t\t\t\t\t\t<div class=\"couple-name\"  style=\"background-image: url( https:\/\/invites.armone.events\/briones-avila\/wp-content\/uploads\/2025\/10\/Logo-Boda-Briones-Avila-Photoroom.png );\">\n\t\t\t\t\t\t\t\t\t\t\t\t\t<\/div>\n\t\t\t\t\t\t\t\t\t\t\t<\/div>\n\t\t\t\t<\/div>\n\t\t\t<\/div>\n\t\t<\/div>\n\t\t\t\t<\/div>\n\t\t\t\t<\/div>\n\t\t\t\t\t<\/div>\n\t\t<\/div>\n\t\t\t\t\t<\/div>\n\t\t<\/section>\n\t\t\t\t<\/div>\n\t\t","protected":false},"excerpt":{"rendered":"Save The Date S\u00e1bado 13 de diciembre de 2025 Nuestra historia de amor Primer encuentroNos conocimos hace cuatro a\u00f1os, en abril de 2021. Gracias a amigos en com\u00fan, ped\u00ed que me presentaran a M\u00f3nica para invitarla a un caf\u00e9. No fue f\u00e1cil, sus horarios de universidad complicaba todo, pero al final acept\u00f3. Nos vimos en ","protected":false},"author":1,"featured_media":0,"parent":0,"menu_order":0,"comment_status":"closed","ping_status":"closed","template":"elementor_header_footer","meta":{"inline_featured_image":false,"footnotes":""},"class_list":["post-5932","page","type-page","status-publish","hentry"],"_links":{"self":[{"href":"https:\/\/invites.armone.events\/briones-avila\/wp-json\/wp\/v2\/pages\/5932","targetHints":{"allow":["GET"]}}],"collection":[{"href":"https:\/\/invites.armone.events\/briones-avila\/wp-json\/wp\/v2\/pages"}],"about":[{"href":"https:\/\/invites.armone.events\/briones-avila\/wp-json\/wp\/v2\/types\/page"}],"author":[{"embeddable":true,"href":"https:\/\/invites.armone.events\/briones-avila\/wp-json\/wp\/v2\/users\/1"}],"replies":[{"embeddable":true,"href":"https:\/\/invites.armone.events\/briones-avila\/wp-json\/wp\/v2\/comments?post=5932"}],"version-history":[{"count":94,"href":"https:\/\/invites.armone.events\/briones-avila\/wp-json\/wp\/v2\/pages\/5932\/revisions"}],"predecessor-version":[{"id":6163,"href":"https:\/\/invites.armone.events\/briones-avila\/wp-json\/wp\/v2\/pages\/5932\/revisions\/6163"}],"wp:attachment":[{"href":"https:\/\/invites.armone.events\/briones-avila\/wp-json\/wp\/v2\/media?parent=5932"}],"curies":[{"name":"wp","href":"https:\/\/api.w.org\/{rel}","templated":true}]}}